{"id":209,"date":"2023-07-27T15:06:52","date_gmt":"2023-07-27T15:06:52","guid":{"rendered":"http:\/\/bracketweb.com\/ogencywp\/?page_id=209"},"modified":"2024-05-02T11:46:07","modified_gmt":"2024-05-02T09:46:07","slug":"about","status":"publish","type":"page","link":"https:\/\/nolimits-shop.com\/?page_id=209","title":{"rendered":"About"},"content":{"rendered":"\t\t<div data-elementor-type=\"wp-page\" data-elementor-id=\"209\" class=\"elementor elementor-209\">\n\t\t\t\t\t\t<section class=\"elementor-section elementor-top-section elementor-element elementor-element-e233d7c elementor-section-full_width elementor-section-height-default elementor-section-height-default\" data-id=\"e233d7c\" data-element_type=\"section\">\n\t\t\t\t\t\t<div class=\"elementor-container elementor-column-gap-no\">\n\t\t\t\t\t<div class=\"elementor-column elementor-col-100 elementor-top-column elementor-element elementor-element-b439a6f\" data-id=\"b439a6f\" data-element_type=\"column\">\n\t\t\t<div class=\"elementor-widget-wrap elementor-element-populated\">\n\t\t\t\t\t\t<div class=\"elementor-element elementor-element-b9b463a elementor-widget elementor-widget-ogency-about\" data-id=\"b9b463a\" data-element_type=\"widget\" data-widget_type=\"ogency-about.default\">\n\t\t\t\t<div class=\"elementor-widget-container\">\n\t\t\t\t\t\r\n    <!-- About Start -->\r\n    <section class=\"about-three\">\r\n        <div class=\"container\">\r\n            <div class=\"row\">\r\n                <div class=\"col-lg-6\">\r\n                    <div class=\"about-three__thumb\">\r\n                        <!-- about thumb start -->\r\n                        <div class=\"about-three__thumb--one wow fadeInLeft animated\" data-wow-delay=\"300ms\">\r\n                            <img decoding=\"async\" src=\"https:\/\/nolimits-shop.com\/wp-content\/uploads\/2023\/07\/about-3-1.jpg\" alt=\"about-3-1\" title=\"about-3-1\" >                        <\/div>\r\n                        <div class=\"about-three__thumb--two wow fadeInLeft animated\" data-wow-delay=\"200ms\">\r\n                            <img decoding=\"async\" src=\"https:\/\/nolimits-shop.com\/wp-content\/uploads\/2023\/07\/about-3-2.jpg\" alt=\"about-3-2\" title=\"about-3-2\" >                        <\/div>\r\n                    <\/div><!-- about thumb end -->\r\n                <\/div>\r\n                <div class=\"col-lg-6\">\r\n                    <div class=\"about-three__content\">\r\n                        <!-- about content start-->\r\n                        <div class=\"section-title\">\r\n                            <h5 class=\"section-title__tagline section-title__tagline--has-dots\">L'entreprise<\/h5><h2 class=\"section-title__title\">Nolimits.fr, <\/h2>                        <\/div><!-- section-title -->\r\n                        <h4 class=\"about-three__content__heading\">pour votre communication visuelle<\/h4><p class=\"about-three__content__text\">Nolimits.fr se sp\u00e9cialise dans la cr\u00e9ation de divers types de vid\u00e9os pour les entreprises, les \u00e9v\u00e9nements et la publicit\u00e9. De la planification \u00e0 la r\u00e9alisation, nous sommes l\u00e0 pour concr\u00e9tiser vos id\u00e9es et faire de votre projet une r\u00e9alit\u00e9.\n<br>\nChez Nolimits.fr, nous ne nous contentons pas de cr\u00e9er des vid\u00e9os. Nous sommes \u00e9galement sp\u00e9cialis\u00e9s dans la conception et le d\u00e9veloppement de sites internet et de boutiques en ligne. Que vous cherchiez \u00e0 renforcer votre pr\u00e9sence en ligne ou \u00e0 lancer une boutique virtuelle, nous sommes l\u00e0 pour concr\u00e9tiser vos projets, de la conception \u00e0 la r\u00e9alisation.<\/p>                        <div class=\"about-three__author\">\r\n                                                            <div class=\"about-three__author__thumb\">\r\n                                    <img decoding=\"async\" src=\"https:\/\/nolimits-shop.com\/wp-content\/uploads\/2023\/08\/slider-2-bg-2.jpg\" alt=\"slider-2-bg-2\" title=\"slider-2-bg-2\" >                                <\/div>\r\n                                                                                    <p class=\"about-three__author__meta\">Steve Maire\n<br>sfsf<\/p>                        <\/div>\r\n                    <\/div><!-- about content end-->\r\n                <\/div>\r\n            <\/div>\r\n        <\/div>\r\n    <\/section>\r\n    <!-- About End -->\r\n\r\n\t\t\t\t<\/div>\n\t\t\t\t<\/div>\n\t\t\t\t\t<\/div>\n\t\t<\/div>\n\t\t\t\t\t<\/div>\n\t\t<\/section>\n\t\t\t\t<section class=\"elementor-section elementor-top-section elementor-element elementor-element-8464f76 elementor-section-full_width elementor-section-height-default elementor-section-height-default\" data-id=\"8464f76\" data-element_type=\"section\">\n\t\t\t\t\t\t<div class=\"elementor-container elementor-column-gap-no\">\n\t\t\t\t\t<div class=\"elementor-column elementor-col-100 elementor-top-column elementor-element elementor-element-125ebd6\" data-id=\"125ebd6\" data-element_type=\"column\">\n\t\t\t<div class=\"elementor-widget-wrap elementor-element-populated\">\n\t\t\t\t\t\t<div class=\"elementor-element elementor-element-a1f22a8 elementor-widget elementor-widget-ogency-sliding-text\" data-id=\"a1f22a8\" data-element_type=\"widget\" data-widget_type=\"ogency-sliding-text.default\">\n\t\t\t\t<div class=\"elementor-widget-container\">\n\t\t\t\t\t    <!-- Sliding Text Start-->\r\n    <section class=\"slider-text-one\">\r\n        <div class=\"slider-text-one__animate-text\">\r\n                            <span class=\"\">communication <span>&amp;<\/span> et film<\/span>                    <\/div>\r\n    <\/section>\r\n    <!-- Sliding Text Start-->\r\n\t\t\t\t<\/div>\n\t\t\t\t<\/div>\n\t\t\t\t\t<\/div>\n\t\t<\/div>\n\t\t\t\t\t<\/div>\n\t\t<\/section>\n\t\t\t\t<section class=\"elementor-section elementor-top-section elementor-element elementor-element-bb649d3 elementor-section-full_width elementor-section-height-default elementor-section-height-default\" data-id=\"bb649d3\" data-element_type=\"section\">\n\t\t\t\t\t\t<div class=\"elementor-container elementor-column-gap-no\">\n\t\t\t\t\t<div class=\"elementor-column elementor-col-100 elementor-top-column elementor-element elementor-element-964a796\" data-id=\"964a796\" data-element_type=\"column\">\n\t\t\t<div class=\"elementor-widget-wrap elementor-element-populated\">\n\t\t\t\t\t\t<div class=\"elementor-element elementor-element-63ccd81 elementor-widget elementor-widget-ogency-team\" data-id=\"63ccd81\" data-element_type=\"widget\" data-widget_type=\"ogency-team.default\">\n\t\t\t\t<div class=\"elementor-widget-container\">\n\t\t\t\t\t\r\n\t<!-- Team Two Start -->\r\n\t<section class=\"team-one team-two\">\r\n\t\t<div class=\"container\">\r\n\t\t\t\t\t\t\t<div class=\"row\">\r\n\t\t\t\t\t<div class=\"col-md-12\">\r\n\t\t\t\t\t\t<div class=\"section-title text-center\">\r\n\t\t\t\t\t\t\t<h5 class=\"section-title__tagline section-title__tagline--has-dots\">Le team Nolimits.fr<\/h5><h2 class=\"section-title__title\">S'entourer des bonnes personnes<br> pour mieux vous servir<\/h2>\t\t\t\t\t\t<\/div><!-- section-title -->\r\n\t\t\t\t\t<\/div>\r\n\t\t\t\t<\/div>\r\n\t\t\t\t\t\t<div class=\"row\">\r\n\t\t\t\t\t\t\t\t\t<div class=\"col-lg-4 col-md-6 wow fadeInUp animated\" data-wow-delay=\"100ms\">\r\n\t\t\t\t\t\t<div class=\"team-one__item\">\r\n\t\t\t\t\t\t\t<div class=\"team-one__item__image\">\r\n\t\t\t\t\t\t\t\t<img decoding=\"async\" src=\"https:\/\/nolimits-shop.com\/wp-content\/uploads\/2023\/07\/team-1-1.jpg\" alt=\"team-1-1\" title=\"team-1-1\" >\t\t\t\t\t\t\t<\/div><!-- \/.team-image -->\r\n\t\t\t\t\t\t\t<div class=\"team-one__item__content\">\r\n\t\t\t\t\t\t\t\t<span class=\"team-one__item__designation\">G\u00e9rant &amp; R\u00e9alisateur Vid\u00e9o<\/span>\t\t\t\t\t\t\t\t<h3 class=\"team-one__item__title\">\r\n\t\t\t\t\t\t\t\t\t<a class=\"\" href=\"http:\/\/bracketweb.com\/ogencywp\/team-details\/\"  >Steve Maire<\/a>\t\t\t\t\t\t\t\t<\/h3><!-- \/.team-name -->\r\n\t\t\t\t\t\t\t\t<div class=\"team-one__item__social-wrapper\">\r\n\t\t\t\t\t\t\t\t\t<a class=\"team-one__item__links\" href=\"#\"><span class=\"fas fa-share-alt\"><\/span><\/a><!-- \/.social-more -->\r\n\t\t\t\t\t\t\t\t\t<div class=\"team-one__item__social\">\r\n\t\t\t\t\t\t\t\t\t\t<a href=\"https:\/\/www.twitter.com\"><i class=\"fab fa-twitter\"><\/i>\n<\/a>\n<a href=\"https:\/\/www.facebook.com\"><i class=\"fab fa-facebook\"><\/i>\n<\/a>\n<a href=\"https:\/\/www.instagram.com\"><i class=\"fab fa-instagram\"><\/i>\n<\/a>\t\t\t\t\t\t\t\t\t<\/div><!-- \/.team-social -->\r\n\t\t\t\t\t\t\t\t<\/div>\r\n\t\t\t\t\t\t\t<\/div><!-- \/.team-content -->\r\n\t\t\t\t\t\t<\/div><!-- \/.team-one -->\r\n\t\t\t\t\t<\/div>\r\n\t\t\t\t\t\t\t\t\t<div class=\"col-lg-4 col-md-6 wow fadeInUp animated\" data-wow-delay=\"100ms\">\r\n\t\t\t\t\t\t<div class=\"team-one__item\">\r\n\t\t\t\t\t\t\t<div class=\"team-one__item__image\">\r\n\t\t\t\t\t\t\t\t<img decoding=\"async\" src=\"https:\/\/nolimits-shop.com\/wp-content\/uploads\/2023\/07\/team-1-2.jpg\" alt=\"team-1-2\" title=\"team-1-2\" >\t\t\t\t\t\t\t<\/div><!-- \/.team-image -->\r\n\t\t\t\t\t\t\t<div class=\"team-one__item__content\">\r\n\t\t\t\t\t\t\t\t<span class=\"team-one__item__designation team-one__item__designation\">Strat\u00e9gie Marketing<\/span>\t\t\t\t\t\t\t\t<h3 class=\"team-one__item__title\">\r\n\t\t\t\t\t\t\t\t\t<a class=\" \" href=\"http:\/\/bracketweb.com\/ogencywp\/team-details\/\"  >Jean Yoder<\/a>\t\t\t\t\t\t\t\t<\/h3><!-- \/.team-name -->\r\n\t\t\t\t\t\t\t\t<div class=\"team-one__item__social-wrapper\">\r\n\t\t\t\t\t\t\t\t\t<a class=\"team-one__item__links\" href=\"#\"><span class=\"fas fa-share-alt\"><\/span><\/a><!-- \/.social-more -->\r\n\t\t\t\t\t\t\t\t\t<div class=\"team-one__item__social\">\r\n\t\t\t\t\t\t\t\t\t\t<a href=\"https:\/\/www.twitter.com\"><i class=\"fab fa-twitter\"><\/i>\n<\/a>\n<a href=\"https:\/\/www.facebook.com\"><i class=\"fab fa-facebook\"><\/i>\n<\/a>\n<a href=\"https:\/\/www.instagram.com\"><i class=\"fab fa-instagram\"><\/i>\n<\/a>\t\t\t\t\t\t\t\t\t<\/div><!-- \/.team-social -->\r\n\t\t\t\t\t\t\t\t<\/div>\r\n\t\t\t\t\t\t\t<\/div><!-- \/.team-content -->\r\n\t\t\t\t\t\t<\/div><!-- \/.team-one -->\r\n\t\t\t\t\t<\/div>\r\n\t\t\t\t\t\t\t\t\t<div class=\"col-lg-4 col-md-6 wow fadeInUp animated\" data-wow-delay=\"100ms\">\r\n\t\t\t\t\t\t<div class=\"team-one__item\">\r\n\t\t\t\t\t\t\t<div class=\"team-one__item__image\">\r\n\t\t\t\t\t\t\t\t<img decoding=\"async\" src=\"https:\/\/nolimits-shop.com\/wp-content\/uploads\/2023\/07\/team-1-3.jpg\" alt=\"team-1-3\" title=\"team-1-3\" >\t\t\t\t\t\t\t<\/div><!-- \/.team-image -->\r\n\t\t\t\t\t\t\t<div class=\"team-one__item__content\">\r\n\t\t\t\t\t\t\t\t<span class=\"team-one__item__designation team-one__item__designation team-one__item__designation\">Cadreur &amp; R\u00e9gie MultiCam<\/span>\t\t\t\t\t\t\t\t<h3 class=\"team-one__item__title\">\r\n\t\t\t\t\t\t\t\t\t<a class=\"  \" href=\"http:\/\/bracketweb.com\/ogencywp\/team-details\/\"  >St\u00e9phane Philipps<\/a>\t\t\t\t\t\t\t\t<\/h3><!-- \/.team-name -->\r\n\t\t\t\t\t\t\t\t<div class=\"team-one__item__social-wrapper\">\r\n\t\t\t\t\t\t\t\t\t<a class=\"team-one__item__links\" href=\"#\"><span class=\"fas fa-share-alt\"><\/span><\/a><!-- \/.social-more -->\r\n\t\t\t\t\t\t\t\t\t<div class=\"team-one__item__social\">\r\n\t\t\t\t\t\t\t\t\t\t<a href=\"https:\/\/www.twitter.com\"><i class=\"fab fa-twitter\"><\/i>\n<\/a>\n<a href=\"https:\/\/www.facebook.com\"><i class=\"fab fa-facebook\"><\/i>\n<\/a>\n<a href=\"https:\/\/www.instagram.com\"><i class=\"fab fa-instagram\"><\/i>\n<\/a>\t\t\t\t\t\t\t\t\t<\/div><!-- \/.team-social -->\r\n\t\t\t\t\t\t\t\t<\/div>\r\n\t\t\t\t\t\t\t<\/div><!-- \/.team-content -->\r\n\t\t\t\t\t\t<\/div><!-- \/.team-one -->\r\n\t\t\t\t\t<\/div>\r\n\t\t\t\t\t\t\t<\/div>\r\n\t\t<\/div>\r\n\t<\/section>\r\n\t<!-- Team Two Start -->\r\n\t\t\t\t<\/div>\n\t\t\t\t<\/div>\n\t\t\t\t\t<\/div>\n\t\t<\/div>\n\t\t\t\t\t<\/div>\n\t\t<\/section>\n\t\t\t\t<section class=\"elementor-section elementor-top-section elementor-element elementor-element-e36827f elementor-section-full_width elementor-section-height-default elementor-section-height-default\" data-id=\"e36827f\" data-element_type=\"section\">\n\t\t\t\t\t\t<div class=\"elementor-container elementor-column-gap-no\">\n\t\t\t\t\t<div class=\"elementor-column elementor-col-100 elementor-top-column elementor-element elementor-element-f4688af\" data-id=\"f4688af\" data-element_type=\"column\">\n\t\t\t<div class=\"elementor-widget-wrap elementor-element-populated\">\n\t\t\t\t\t\t<div class=\"elementor-element elementor-element-5e19029 elementor-widget elementor-widget-ogency-sponsors\" data-id=\"5e19029\" data-element_type=\"widget\" data-widget_type=\"ogency-sponsors.default\">\n\t\t\t\t<div class=\"elementor-widget-container\">\n\t\t\t\t\t    <!--Brand One End-->\r\n    <div class=\"client-carousel @@extraClassName\">\r\n        <div class=\"container\">\r\n                            <h5 class=\"client-carousel__tilte\"><span>Ils font confiance \u00e0 Nolimits.fr<\/span><\/h5><!-- section-title -->\r\n                        <div class=\"client-carousel__one ogency-owl__carousel owl-theme owl-carousel\" data-owl-options='        {\r\n        &quot;loop&quot;: true,\r\n        &quot;margin&quot;: 120,\r\n        &quot;items&quot;: 5        ,&quot;nav&quot;: false                    ,&quot;autoplay&quot;: true            ,&quot;autoplayTimeout&quot;: 5000                            ,&quot;autoplayHoverPause&quot;: true                        ,&quot;dots&quot;: false        ,&quot;smartSpeed&quot;: 1200\r\n                    ,\r\n            &quot;responsive&quot;:\r\n            {\r\n                            &quot;0&quot;: {\r\n                &quot;margin&quot;: 0,\r\n                &quot;items&quot;: 1                },                            &quot;360&quot;: {\r\n                &quot;margin&quot;: 0,\r\n                &quot;items&quot;: 2                },                            &quot;575&quot;: {\r\n                &quot;margin&quot;: 0,\r\n                &quot;items&quot;: 3                },                            &quot;768&quot;: {\r\n                &quot;margin&quot;: 0,\r\n                &quot;items&quot;: 4                },                            &quot;992&quot;: {\r\n                &quot;margin&quot;: 0,\r\n                &quot;items&quot;: 5                },                            &quot;1200&quot;: {\r\n                &quot;margin&quot;: 120,\r\n                &quot;items&quot;: 5                }                        }\r\n                }\r\n    '>\r\n                                    <div class=\"client-carousel__one__item\">\r\n                        <img decoding=\"async\" src=\"https:\/\/nolimits-shop.com\/wp-content\/uploads\/2024\/03\/heiby-client-nolimits.png\" alt=\"heiby-client-nolimits\" title=\"heiby-client-nolimits\" >                    <\/div><!-- \/.owl-slide-item-->\r\n                                    <div class=\"client-carousel__one__item\">\r\n                        <img decoding=\"async\" src=\"https:\/\/nolimits-shop.com\/wp-content\/uploads\/2024\/03\/neo-immobilier-client-nolimits.png\" alt=\"neo-immobilier-client-nolimits\" title=\"neo-immobilier-client-nolimits\" >                    <\/div><!-- \/.owl-slide-item-->\r\n                                    <div class=\"client-carousel__one__item\">\r\n                        <img decoding=\"async\" src=\"https:\/\/nolimits-shop.com\/wp-content\/uploads\/2024\/03\/siehr-client-nolimits.png\" alt=\"siehr-client-nolimits\" title=\"siehr-client-nolimits\" >                    <\/div><!-- \/.owl-slide-item-->\r\n                                    <div class=\"client-carousel__one__item\">\r\n                        <img decoding=\"async\" src=\"https:\/\/nolimits-shop.com\/wp-content\/uploads\/2024\/03\/yanoli-client-nolimits.png\" alt=\"yanoli-client-nolimits\" title=\"yanoli-client-nolimits\" >                    <\/div><!-- \/.owl-slide-item-->\r\n                                    <div class=\"client-carousel__one__item\">\r\n                        <img decoding=\"async\" src=\"https:\/\/nolimits-shop.com\/wp-content\/uploads\/2024\/03\/stib-client-nolimits.png\" alt=\"stib-client-nolimits\" title=\"stib-client-nolimits\" >                    <\/div><!-- \/.owl-slide-item-->\r\n                                    <div class=\"client-carousel__one__item\">\r\n                        <img decoding=\"async\" src=\"https:\/\/nolimits-shop.com\/wp-content\/uploads\/2024\/03\/can-isolation-client-nolimits.png\" alt=\"can-isolation-client-nolimits\" title=\"can-isolation-client-nolimits\" >                    <\/div><!-- \/.owl-slide-item-->\r\n                                    <div class=\"client-carousel__one__item\">\r\n                        <img decoding=\"async\" src=\"https:\/\/nolimits-shop.com\/wp-content\/uploads\/2024\/03\/avuedoeil-client-nolimits.png\" alt=\"avuedoeil-client-nolimits\" title=\"avuedoeil-client-nolimits\" >                    <\/div><!-- \/.owl-slide-item-->\r\n                            <\/div><!-- \/.thm-owl__slider -->\r\n        <\/div><!-- \/.container -->\r\n    <\/div>\r\n    <!-- Brand One End -->\r\n\t\t\t\t<\/div>\n\t\t\t\t<\/div>\n\t\t\t\t\t<\/div>\n\t\t<\/div>\n\t\t\t\t\t<\/div>\n\t\t<\/section>\n\t\t<div class=\"elementor-element elementor-element-4bb4070 e-flex e-con-boxed e-con e-parent\" data-id=\"4bb4070\" data-element_type=\"container\">\n\t\t\t\t\t<div class=\"e-con-inner\">\n\t\t\t\t<div class=\"elementor-element elementor-element-ac4aa1e elementor-widget elementor-widget-ogency-gallery\" data-id=\"ac4aa1e\" data-element_type=\"widget\" data-widget_type=\"ogency-gallery.default\">\n\t\t\t\t<div class=\"elementor-widget-container\">\n\t\t\t\t\t    <!-- Gallery Start -->\r\n    <section class=\"gallery-page\">\r\n        <div class=\"container\">\r\n            <div class=\"row masonary-layout\">\r\n                                    <!-- gallery-item-start -->\r\n                    <div class=\"col-xl-6  col-lg-6 col-md-6\">\r\n                        <div class=\"gallery-page__single\">\r\n                            <img decoding=\"async\" src=\"https:\/\/nolimits-shop.com\/wp-content\/plugins\/elementor\/assets\/images\/placeholder.png\" alt=\"\" >                            <div class=\"gallery-page__icon\">\r\n                                <a class=\"img-popup\" href=\"https:\/\/nolimits-shop.com\/wp-content\/plugins\/elementor\/assets\/images\/placeholder.png\"><span aria-hidden=\"true\" class=\"  icon-plus\"><\/span><\/a>\r\n                            <\/div>\r\n                        <\/div>\r\n                    <\/div>\r\n                    <!-- gallery-item-end -->\r\n                            <\/div>\r\n        <\/div>\r\n    <\/section>\r\n    <!-- Gallery End -->\r\n\r\n\t\t\t\t<\/div>\n\t\t\t\t<\/div>\n\t\t\t\t\t<\/div>\n\t\t\t\t<\/div>\n\t\t\t\t<\/div>\n\t\t","protected":false},"excerpt":{"rendered":"<p>L&rsquo;entreprise Nolimits.fr, pour votre communication visuelle Nolimits.fr se sp\u00e9cialise dans la cr\u00e9ation de divers types de vid\u00e9os pour les entreprises, les \u00e9v\u00e9nements et la publicit\u00e9. De la planification \u00e0 la r\u00e9alisation, nous sommes l\u00e0 pour concr\u00e9tiser vos id\u00e9es et faire de votre projet une r\u00e9alit\u00e9. Chez Nolimits.fr, nous ne nous contentons pas de cr\u00e9er des [&hellip;]<\/p>\n","protected":false},"author":1,"featured_media":0,"parent":0,"menu_order":0,"comment_status":"closed","ping_status":"closed","template":"elementor_header_footer","meta":{"om_disable_all_campaigns":false,"_monsterinsights_skip_tracking":false,"_monsterinsights_sitenote_active":false,"_monsterinsights_sitenote_note":"","_monsterinsights_sitenote_category":0,"footnotes":""},"aioseo_notices":[],"_links":{"self":[{"href":"https:\/\/nolimits-shop.com\/index.php?rest_route=\/wp\/v2\/pages\/209"}],"collection":[{"href":"https:\/\/nolimits-shop.com\/index.php?rest_route=\/wp\/v2\/pages"}],"about":[{"href":"https:\/\/nolimits-shop.com\/index.php?rest_route=\/wp\/v2\/types\/page"}],"author":[{"embeddable":true,"href":"https:\/\/nolimits-shop.com\/index.php?rest_route=\/wp\/v2\/users\/1"}],"replies":[{"embeddable":true,"href":"https:\/\/nolimits-shop.com\/index.php?rest_route=%2Fwp%2Fv2%2Fcomments&post=209"}],"version-history":[{"count":10,"href":"https:\/\/nolimits-shop.com\/index.php?rest_route=\/wp\/v2\/pages\/209\/revisions"}],"predecessor-version":[{"id":2597,"href":"https:\/\/nolimits-shop.com\/index.php?rest_route=\/wp\/v2\/pages\/209\/revisions\/2597"}],"wp:attachment":[{"href":"https:\/\/nolimits-shop.com\/index.php?rest_route=%2Fwp%2Fv2%2Fmedia&parent=209"}],"curies":[{"name":"wp","href":"https:\/\/api.w.org\/{rel}","templated":true}]}}