{"id":2394,"date":"2024-04-15T13:23:07","date_gmt":"2024-04-15T11:23:07","guid":{"rendered":"http:\/\/nolimits-shop.com\/?page_id=2394"},"modified":"2024-05-02T10:14:47","modified_gmt":"2024-05-02T08:14:47","slug":"video-2","status":"publish","type":"page","link":"https:\/\/nolimits-shop.com\/?page_id=2394","title":{"rendered":"Vid\u00e9o \u2013 Entreprise, \u00e9v\u00e9nementielle, clip, captation, live stream, motion design"},"content":{"rendered":"\t\t<div data-elementor-type=\"wp-page\" data-elementor-id=\"2394\" class=\"elementor elementor-2394\">\n\t\t\t\t<div class=\"elementor-element elementor-element-37b3bee e-flex e-con-boxed e-con e-parent\" data-id=\"37b3bee\" data-element_type=\"container\">\n\t\t\t\t\t<div class=\"e-con-inner\">\n\t\t\t\t<div class=\"elementor-element elementor-element-28269c9 elementor-widget elementor-widget-spacer\" data-id=\"28269c9\" data-element_type=\"widget\" data-widget_type=\"spacer.default\">\n\t\t\t\t<div class=\"elementor-widget-container\">\n\t\t\t\t\t\t\t<div class=\"elementor-spacer\">\n\t\t\t<div class=\"elementor-spacer-inner\"><\/div>\n\t\t<\/div>\n\t\t\t\t\t\t<\/div>\n\t\t\t\t<\/div>\n\t\t\t\t\t<\/div>\n\t\t\t\t<\/div>\n\t\t<div class=\"elementor-element elementor-element-61602ab e-flex e-con-boxed e-con e-parent\" data-id=\"61602ab\" data-element_type=\"container\">\n\t\t\t\t\t<div class=\"e-con-inner\">\n\t\t<div class=\"elementor-element elementor-element-0182706 e-con-full e-flex e-con e-child\" data-id=\"0182706\" data-element_type=\"container\">\n\t\t\t\t<div class=\"elementor-element elementor-element-d6a6216 elementor-widget elementor-widget-image\" data-id=\"d6a6216\" data-element_type=\"widget\" data-widget_type=\"image.default\">\n\t\t\t\t<div class=\"elementor-widget-container\">\n\t\t\t\t\t\t\t\t\t\t\t\t\t\t\t<img fetchpriority=\"high\" decoding=\"async\" width=\"556\" height=\"372\" src=\"https:\/\/nolimits-shop.com\/wp-content\/uploads\/2024\/04\/entreprise-video-nolimits.gif\" class=\"attachment-large size-large wp-image-2530\" alt=\"\" \/>\t\t\t\t\t\t\t\t\t\t\t\t\t\t\t<\/div>\n\t\t\t\t<\/div>\n\t\t\t\t<\/div>\n\t\t<div class=\"elementor-element elementor-element-a8137ef e-con-full e-flex e-con e-child\" data-id=\"a8137ef\" data-element_type=\"container\">\n\t\t\t\t<div class=\"elementor-element elementor-element-7a26330 elementor-widget elementor-widget-text-editor\" data-id=\"7a26330\" data-element_type=\"widget\" data-widget_type=\"text-editor.default\">\n\t\t\t\t<div class=\"elementor-widget-container\">\n\t\t\t\t\t\t\t\t\t<h3>FILM D\u2019ENTREPRISE<\/h3><p>Votre film d\u2019entreprise, sera la carte de visite interactive de votre soci\u00e9t\u00e9. Il pr\u00e9sentera votre structure, vos activit\u00e9s, vos produits et votre savoir-faire \u00e0 vos clients et prospects dans une communication incontournable. La vid\u00e9o est un format qui est grandement conseill\u00e9 pour diffuser un message et fid\u00e9liser vos clients.<\/p>\t\t\t\t\t\t\t\t<\/div>\n\t\t\t\t<\/div>\n\t\t\t\t<\/div>\n\t\t\t\t\t<\/div>\n\t\t\t\t<\/div>\n\t\t<div class=\"elementor-element elementor-element-a4f1d69 e-flex e-con-boxed e-con e-parent\" data-id=\"a4f1d69\" data-element_type=\"container\">\n\t\t\t\t\t<div class=\"e-con-inner\">\n\t\t<div class=\"elementor-element elementor-element-5827e5a e-con-full e-flex e-con e-child\" data-id=\"5827e5a\" data-element_type=\"container\">\n\t\t\t\t<div class=\"elementor-element elementor-element-66fd783 elementor-widget elementor-widget-image\" data-id=\"66fd783\" data-element_type=\"widget\" data-widget_type=\"image.default\">\n\t\t\t\t<div class=\"elementor-widget-container\">\n\t\t\t\t\t\t\t\t\t\t\t\t\t\t\t<img decoding=\"async\" width=\"556\" height=\"372\" src=\"https:\/\/nolimits-shop.com\/wp-content\/uploads\/2024\/04\/evenementielle-video-nolimits.gif\" class=\"attachment-large size-large wp-image-2528\" alt=\"\" \/>\t\t\t\t\t\t\t\t\t\t\t\t\t\t\t<\/div>\n\t\t\t\t<\/div>\n\t\t\t\t<\/div>\n\t\t<div class=\"elementor-element elementor-element-f863bbb e-con-full e-flex e-con e-child\" data-id=\"f863bbb\" data-element_type=\"container\">\n\t\t\t\t<div class=\"elementor-element elementor-element-764c15e elementor-widget elementor-widget-text-editor\" data-id=\"764c15e\" data-element_type=\"widget\" data-widget_type=\"text-editor.default\">\n\t\t\t\t<div class=\"elementor-widget-container\">\n\t\t\t\t\t\t\t\t\t<h3>FILM \u00c9V\u00c9NEMENTIEL\u200b<\/h3><p>Nous couvrons vos \u00e9v\u00e9nements d\u2019entreprises, associatifs, sportifs, conf\u00e9rences, inaugurations o\u00f9 lancement d\u2019un produit. Quel que soit l\u2019\u00e9v\u00e8nement, Nolimits.fr est \u00e0 votre service pour immortaliser vos moments forts et r\u00e9aliser votre film qui fera revivre les bons moments et les \u00e9motions v\u00e9cues par vos collaborateurs, clients et partenaires.<\/p>\t\t\t\t\t\t\t\t<\/div>\n\t\t\t\t<\/div>\n\t\t\t\t<\/div>\n\t\t\t\t\t<\/div>\n\t\t\t\t<\/div>\n\t\t<div class=\"elementor-element elementor-element-870080f e-flex e-con-boxed e-con e-parent\" data-id=\"870080f\" data-element_type=\"container\">\n\t\t\t\t\t<div class=\"e-con-inner\">\n\t\t<div class=\"elementor-element elementor-element-d91ee94 e-con-full e-flex e-con e-child\" data-id=\"d91ee94\" data-element_type=\"container\">\n\t\t\t\t<div class=\"elementor-element elementor-element-36cd27f elementor-widget elementor-widget-image\" data-id=\"36cd27f\" data-element_type=\"widget\" data-widget_type=\"image.default\">\n\t\t\t\t<div class=\"elementor-widget-container\">\n\t\t\t\t\t\t\t\t\t\t\t\t\t\t\t<img decoding=\"async\" width=\"556\" height=\"372\" src=\"https:\/\/nolimits-shop.com\/wp-content\/uploads\/2024\/04\/clip-musique-video-nolimits.gif\" class=\"attachment-large size-large wp-image-2534\" alt=\"\" \/>\t\t\t\t\t\t\t\t\t\t\t\t\t\t\t<\/div>\n\t\t\t\t<\/div>\n\t\t\t\t<\/div>\n\t\t<div class=\"elementor-element elementor-element-b704f7e e-con-full e-flex e-con e-child\" data-id=\"b704f7e\" data-element_type=\"container\">\n\t\t\t\t<div class=\"elementor-element elementor-element-7812239 elementor-widget elementor-widget-text-editor\" data-id=\"7812239\" data-element_type=\"widget\" data-widget_type=\"text-editor.default\">\n\t\t\t\t<div class=\"elementor-widget-container\">\n\t\t\t\t\t\t\t\t\t<h3>CLIP MUSIQUE<\/h3><p>Vous \u00eates un artiste, producteur ou label musical et vous envisagez un clip vid\u00e9o pour votre musique ? Notre \u00e9quipe vous propose une gamme de solutions adapt\u00e9es \u00e0 votre budget, avec des choix multiples de lieux pour donner vie \u00e0 votre projet. Contactez-nous d\u00e8s aujourd&rsquo;hui pour commencer !<\/p>\t\t\t\t\t\t\t\t<\/div>\n\t\t\t\t<\/div>\n\t\t\t\t<\/div>\n\t\t\t\t\t<\/div>\n\t\t\t\t<\/div>\n\t\t<div class=\"elementor-element elementor-element-67c5f04 e-flex e-con-boxed e-con e-parent\" data-id=\"67c5f04\" data-element_type=\"container\">\n\t\t\t\t\t<div class=\"e-con-inner\">\n\t\t<div class=\"elementor-element elementor-element-d176d2c e-con-full e-flex e-con e-child\" data-id=\"d176d2c\" data-element_type=\"container\">\n\t\t\t\t<div class=\"elementor-element elementor-element-b1924da elementor-widget elementor-widget-image\" data-id=\"b1924da\" data-element_type=\"widget\" data-widget_type=\"image.default\">\n\t\t\t\t<div class=\"elementor-widget-container\">\n\t\t\t\t\t\t\t\t\t\t\t\t\t\t\t<img loading=\"lazy\" decoding=\"async\" width=\"556\" height=\"372\" src=\"https:\/\/nolimits-shop.com\/wp-content\/uploads\/2024\/04\/captation-livestream-video-nolimits.gif\" class=\"attachment-large size-large wp-image-2521\" alt=\"\" \/>\t\t\t\t\t\t\t\t\t\t\t\t\t\t\t<\/div>\n\t\t\t\t<\/div>\n\t\t\t\t<\/div>\n\t\t<div class=\"elementor-element elementor-element-ab3ade0 e-con-full e-flex e-con e-child\" data-id=\"ab3ade0\" data-element_type=\"container\">\n\t\t\t\t<div class=\"elementor-element elementor-element-0bf8e7b elementor-widget elementor-widget-text-editor\" data-id=\"0bf8e7b\" data-element_type=\"widget\" data-widget_type=\"text-editor.default\">\n\t\t\t\t<div class=\"elementor-widget-container\">\n\t\t\t\t\t\t\t\t\t<h3>CAPTATION &amp; LIVE STREAM<\/h3><p>Notre \u00e9quipe sp\u00e9cialis\u00e9e propose des services de captation vid\u00e9o complets, du tournage \u00e0 la post-production, en passant par le montage int\u00e9gral pour vos concerts, conf\u00e9rences et autres \u00e9v\u00e9nements .<br \/>Nous avons l&rsquo;expertise et les \u00e9quipements n\u00e9cessaires pour capturer chaque instant avec pr\u00e9cision et qualit\u00e9. De plus, nous offrons la possibilit\u00e9 de diffuser vos \u00e9v\u00e9nements en direct, pour que votre audience puisse les vivre en temps r\u00e9el, o\u00f9 qu&rsquo;elle se trouve dans le monde.<\/p>\t\t\t\t\t\t\t\t<\/div>\n\t\t\t\t<\/div>\n\t\t\t\t<\/div>\n\t\t\t\t\t<\/div>\n\t\t\t\t<\/div>\n\t\t<div class=\"elementor-element elementor-element-0ce00bd e-flex e-con-boxed e-con e-parent\" data-id=\"0ce00bd\" data-element_type=\"container\">\n\t\t\t\t\t<div class=\"e-con-inner\">\n\t\t<div class=\"elementor-element elementor-element-6a80257 e-con-full e-flex e-con e-child\" data-id=\"6a80257\" data-element_type=\"container\">\n\t\t\t\t<div class=\"elementor-element elementor-element-229d568 elementor-widget elementor-widget-image\" data-id=\"229d568\" data-element_type=\"widget\" data-widget_type=\"image.default\">\n\t\t\t\t<div class=\"elementor-widget-container\">\n\t\t\t\t\t\t\t\t\t\t\t\t\t\t\t<img loading=\"lazy\" decoding=\"async\" width=\"556\" height=\"372\" src=\"https:\/\/nolimits-shop.com\/wp-content\/uploads\/2024\/04\/video-fond-vert-greenscreen-nolimits.jpg\" class=\"attachment-large size-large wp-image-2413\" alt=\"\" srcset=\"https:\/\/nolimits-shop.com\/wp-content\/uploads\/2024\/04\/video-fond-vert-greenscreen-nolimits.jpg 556w, https:\/\/nolimits-shop.com\/wp-content\/uploads\/2024\/04\/video-fond-vert-greenscreen-nolimits-300x201.jpg 300w\" sizes=\"(max-width: 556px) 100vw, 556px\" \/>\t\t\t\t\t\t\t\t\t\t\t\t\t\t\t<\/div>\n\t\t\t\t<\/div>\n\t\t\t\t<\/div>\n\t\t<div class=\"elementor-element elementor-element-f14f1f7 e-con-full e-flex e-con e-child\" data-id=\"f14f1f7\" data-element_type=\"container\">\n\t\t\t\t<div class=\"elementor-element elementor-element-359a0bc elementor-widget elementor-widget-text-editor\" data-id=\"359a0bc\" data-element_type=\"widget\" data-widget_type=\"text-editor.default\">\n\t\t\t\t<div class=\"elementor-widget-container\">\n\t\t\t\t\t\t\t\t\t<h3>STUDIO FOND VERT<\/h3><p>Offrez \u00e0 votre entreprise la possibilit\u00e9 de r\u00e9aliser des vid\u00e9os dynamiques et cr\u00e9atives dans notre studio \u00e9quip\u00e9 de fond vert ! Avec nos techniques d&rsquo;incrustation, explorez un univers infini d&rsquo;id\u00e9es pour donner vie \u00e0 vos projets. Variez les sc\u00e9narios et les ambiances pour des vid\u00e9os uniques et percutantes<\/p>\t\t\t\t\t\t\t\t<\/div>\n\t\t\t\t<\/div>\n\t\t\t\t<\/div>\n\t\t\t\t\t<\/div>\n\t\t\t\t<\/div>\n\t\t<div class=\"elementor-element elementor-element-7686c3b e-flex e-con-boxed e-con e-parent\" data-id=\"7686c3b\" data-element_type=\"container\">\n\t\t\t\t\t<div class=\"e-con-inner\">\n\t\t<div class=\"elementor-element elementor-element-62fd715 e-con-full e-flex e-con e-child\" data-id=\"62fd715\" data-element_type=\"container\">\n\t\t\t\t<div class=\"elementor-element elementor-element-6a5694f elementor-widget elementor-widget-image\" data-id=\"6a5694f\" data-element_type=\"widget\" data-widget_type=\"image.default\">\n\t\t\t\t<div class=\"elementor-widget-container\">\n\t\t\t\t\t\t\t\t\t\t\t\t\t\t\t<img loading=\"lazy\" decoding=\"async\" width=\"556\" height=\"372\" src=\"https:\/\/nolimits-shop.com\/wp-content\/uploads\/2024\/04\/reportage-interview-video-nolimits.gif\" class=\"attachment-large size-large wp-image-2524\" alt=\"\" \/>\t\t\t\t\t\t\t\t\t\t\t\t\t\t\t<\/div>\n\t\t\t\t<\/div>\n\t\t\t\t<\/div>\n\t\t<div class=\"elementor-element elementor-element-8ab8870 e-con-full e-flex e-con e-child\" data-id=\"8ab8870\" data-element_type=\"container\">\n\t\t\t\t<div class=\"elementor-element elementor-element-98688a5 elementor-widget elementor-widget-text-editor\" data-id=\"98688a5\" data-element_type=\"widget\" data-widget_type=\"text-editor.default\">\n\t\t\t\t<div class=\"elementor-widget-container\">\n\t\t\t\t\t\t\t\t\t<h3>REPORTAGE &amp; INTERVIEW<\/h3><p>Notre \u00e9quipe et son mat\u00e9riel vid\u00e9o permettent de r\u00e9aliser tout genre de reportages vid\u00e9os destin\u00e9s \u00e0 la t\u00e9l\u00e9vision, votre site internet et les r\u00e9seaux sociaux sous diff\u00e9rents formats selon votre choix et la cible choisie. Les interviews sont g\u00e9n\u00e9ralement tourn\u00e9es sur place, mais c\u2019est \u00e9galement possible en studio, sur un plateau personnalis\u00e9 ou tout simplement \u00e0 domicile. Un reportage vid\u00e9o pour votre sujet permet d\u2019aller droit au but ce qui transmet un message clair et rapide.<\/p>\t\t\t\t\t\t\t\t<\/div>\n\t\t\t\t<\/div>\n\t\t\t\t<\/div>\n\t\t\t\t\t<\/div>\n\t\t\t\t<\/div>\n\t\t<div class=\"elementor-element elementor-element-c648d4b e-flex e-con-boxed e-con e-parent\" data-id=\"c648d4b\" data-element_type=\"container\">\n\t\t\t\t\t<div class=\"e-con-inner\">\n\t\t<div class=\"elementor-element elementor-element-7462eb4 e-con-full e-flex e-con e-child\" data-id=\"7462eb4\" data-element_type=\"container\">\n\t\t\t\t<div class=\"elementor-element elementor-element-948ed2e elementor-widget elementor-widget-image\" data-id=\"948ed2e\" data-element_type=\"widget\" data-widget_type=\"image.default\">\n\t\t\t\t<div class=\"elementor-widget-container\">\n\t\t\t\t\t\t\t\t\t\t\t\t\t\t\t<img loading=\"lazy\" decoding=\"async\" width=\"556\" height=\"372\" src=\"https:\/\/nolimits-shop.com\/wp-content\/uploads\/2024\/04\/motion-design-video-nolimits.gif\" class=\"attachment-large size-large wp-image-2523\" alt=\"\" \/>\t\t\t\t\t\t\t\t\t\t\t\t\t\t\t<\/div>\n\t\t\t\t<\/div>\n\t\t\t\t<\/div>\n\t\t<div class=\"elementor-element elementor-element-83b180d e-con-full e-flex e-con e-child\" data-id=\"83b180d\" data-element_type=\"container\">\n\t\t\t\t<div class=\"elementor-element elementor-element-e03eddf elementor-widget elementor-widget-text-editor\" data-id=\"e03eddf\" data-element_type=\"widget\" data-widget_type=\"text-editor.default\">\n\t\t\t\t<div class=\"elementor-widget-container\">\n\t\t\t\t\t\t\t\t\t<h3>MOTION DESIGN\u200b<\/h3><p>Dynamiser, simplicit\u00e9, aucune limite\u2026 voil\u00e0 comment d\u00e9finir une parfaite animation Motion Design. Faire passer un message facilement et r\u00e9actif \u00e0 vos clients, c\u2019est la solution du Motion Design. Il n\u2019est pas toujours simple de travailler sa communication visuelle, mais certains outils existent pour y parvenir facilement. Le motion design est une solution efficace pour susciter la curiosit\u00e9\u00a0 et capter l\u2019attention de vos clients.\u00a0 Soyez unique et d\u00e9tachez vous de vos concurrents en communiquant diff\u00e9remment et avec style. L\u2019animation est un immense terrain de jeu, sans limites !<\/p>\t\t\t\t\t\t\t\t<\/div>\n\t\t\t\t<\/div>\n\t\t\t\t<\/div>\n\t\t\t\t\t<\/div>\n\t\t\t\t<\/div>\n\t\t<div class=\"elementor-element elementor-element-7710f9c e-flex e-con-boxed e-con e-parent\" data-id=\"7710f9c\" data-element_type=\"container\">\n\t\t\t\t\t<div class=\"e-con-inner\">\n\t\t\t\t<div class=\"elementor-element elementor-element-dc5d7af elementor-widget elementor-widget-spacer\" data-id=\"dc5d7af\" data-element_type=\"widget\" data-widget_type=\"spacer.default\">\n\t\t\t\t<div class=\"elementor-widget-container\">\n\t\t\t\t\t\t\t<div class=\"elementor-spacer\">\n\t\t\t<div class=\"elementor-spacer-inner\"><\/div>\n\t\t<\/div>\n\t\t\t\t\t\t<\/div>\n\t\t\t\t<\/div>\n\t\t\t\t\t<\/div>\n\t\t\t\t<\/div>\n\t\t<div class=\"elementor-element elementor-element-59999b1 e-con-full e-flex e-con e-parent\" data-id=\"59999b1\" data-element_type=\"container\">\n\t\t\t\t<div class=\"elementor-element elementor-element-3f86569 elementor-widget__width-inherit elementor-widget elementor-widget-ogency-service\" data-id=\"3f86569\" data-element_type=\"widget\" data-widget_type=\"ogency-service.default\">\n\t\t\t\t<div class=\"elementor-widget-container\">\n\t\t\t\t\t\r\n\t<!-- Service Start -->\r\n\t<section class=\"service-three service-three--service-page\">\r\n\t\t<div class=\"container service-three__container\">\r\n\t\t\t<div class=\"row\">\r\n\t\t\t\t\t\t\t\t\t<div class=\"col-xl-3 col-md-6 wow fadeInUp animated\" data-wow-delay=\"100ms\">\r\n\t\t\t\t\t\t<div class=\"service-three__item\">\r\n\t\t\t\t\t\t\t<div class=\"service-three__item__thumb\">\r\n\t\t\t\t\t\t\t\t<img decoding=\"async\" src=\"https:\/\/nolimits-shop.com\/wp-content\/uploads\/2023\/07\/services-3-2.jpg\" alt=\"services-3-2\" title=\"services-3-2\" >\t\t\t\t\t\t\t<\/div><!-- \/.service-image -->\r\n\t\t\t\t\t\t\t<div class=\"service-three__item__normal\">\r\n\t\t\t\t\t\t\t\t<h3 class=\"service-three__item__normal__title\">Web<\/h3>\t\t\t\t\t\t\t<\/div><!-- \/.service-normal-content -->\r\n\t\t\t\t\t\t\t<div class=\"service-three__item__hover\">\r\n\t\t\t\t\t\t\t\t<h3 class=\"service-three__item__hover__title\">\r\n\t\t\t\t\t\t\t\t\t<a class=\"service-three__item__normal__title \" href=\"https:\/\/nolimits-shop.com\/?page_id=2462\"  >Web<\/a>\t\t\t\t\t\t\t\t<\/h3><!-- \/.service-title -->\r\n\t\t\t\t\t\t\t\t<p class=\"service-three__item__hover__text\">Site vitrine<br>\nBoutique en ligne<br>\nCommunity manager<br>\nStrat\u00e9gie digitale<br><\/p>\t\t\t\t\t\t\t\t\t\t\t\t\t\t\t\t\t<a class=\"service-three__item__hover__btn\" href=\"https:\/\/nolimits-shop.com\/?page_id=2462\">Lire plus<span aria-hidden=\"true\" class=\"   icon-down-right\"><\/span><\/a><!-- \/.service-read-more -->\r\n\t\t\t\t\t\t\t\t\t\t\t\t\t\t\t<\/div><!-- \/.service-hover-content -->\r\n\t\t\t\t\t\t<\/div><!-- \/.service-card-three -->\r\n\t\t\t\t\t<\/div><!-- \/.column -->\r\n\t\t\t\t\t\t\t\t\t<div class=\"col-xl-3 col-md-6 wow fadeInUp animated\" data-wow-delay=\"100ms\">\r\n\t\t\t\t\t\t<div class=\"service-three__item\">\r\n\t\t\t\t\t\t\t<div class=\"service-three__item__thumb\">\r\n\t\t\t\t\t\t\t\t<img decoding=\"async\" src=\"https:\/\/nolimits-shop.com\/wp-content\/uploads\/2023\/07\/services-3-3.jpg\" alt=\"services-3-3\" title=\"services-3-3\" >\t\t\t\t\t\t\t<\/div><!-- \/.service-image -->\r\n\t\t\t\t\t\t\t<div class=\"service-three__item__normal\">\r\n\t\t\t\t\t\t\t\t<h3 class=\"service-three__item__normal__title  service-three__item__normal__title\">Graphisme<\/h3>\t\t\t\t\t\t\t<\/div><!-- \/.service-normal-content -->\r\n\t\t\t\t\t\t\t<div class=\"service-three__item__hover\">\r\n\t\t\t\t\t\t\t\t<h3 class=\"service-three__item__hover__title\">\r\n\t\t\t\t\t\t\t\t\t<a class=\"service-three__item__normal__title  service-three__item__normal__title \" href=\"https:\/\/nolimits-shop.com\/?page_id=2497\"  >Graphisme<\/a>\t\t\t\t\t\t\t\t<\/h3><!-- \/.service-title -->\r\n\t\t\t\t\t\t\t\t<p class=\"service-three__item__hover__text service-three__item__hover__text\">Cr\u00e9ations graphique, flyers, affiches, carte de visite etc<br>\nCr\u00e9ation de logo<br>\nR\u00e9alisation de maquette digitale<br>\nMagazine &amp; Catalogue<br><\/p>\t\t\t\t\t\t\t\t\t\t\t\t\t\t\t\t\t<a class=\"service-three__item__hover__btn\" href=\"https:\/\/nolimits-shop.com\/?page_id=2497\">Lire plus<span aria-hidden=\"true\" class=\"   icon-down-right\"><\/span><\/a><!-- \/.service-read-more -->\r\n\t\t\t\t\t\t\t\t\t\t\t\t\t\t\t<\/div><!-- \/.service-hover-content -->\r\n\t\t\t\t\t\t<\/div><!-- \/.service-card-three -->\r\n\t\t\t\t\t<\/div><!-- \/.column -->\r\n\t\t\t\t\t\t\t\t\t<div class=\"col-xl-3 col-md-6 wow fadeInUp animated\" data-wow-delay=\"100ms\">\r\n\t\t\t\t\t\t<div class=\"service-three__item\">\r\n\t\t\t\t\t\t\t<div class=\"service-three__item__thumb\">\r\n\t\t\t\t\t\t\t\t<img decoding=\"async\" src=\"https:\/\/nolimits-shop.com\/wp-content\/uploads\/2023\/07\/services-3-2.jpg\" alt=\"services-3-2\" title=\"services-3-2\" >\t\t\t\t\t\t\t<\/div><!-- \/.service-image -->\r\n\t\t\t\t\t\t\t<div class=\"service-three__item__normal\">\r\n\t\t\t\t\t\t\t\t<h3 class=\"service-three__item__normal__title  service-three__item__normal__title  service-three__item__normal__title\">Support<\/h3>\t\t\t\t\t\t\t<\/div><!-- \/.service-normal-content -->\r\n\t\t\t\t\t\t\t<div class=\"service-three__item__hover\">\r\n\t\t\t\t\t\t\t\t<h3 class=\"service-three__item__hover__title\">\r\n\t\t\t\t\t\t\t\t\t<a class=\"service-three__item__normal__title  service-three__item__normal__title  service-three__item__normal__title \" href=\"https:\/\/nolimits-shop.com\/?page_id=2507\"  >Support<\/a>\t\t\t\t\t\t\t\t<\/h3><!-- \/.service-title -->\r\n\t\t\t\t\t\t\t\t<p class=\"service-three__item__hover__text service-three__item__hover__text service-three__item__hover__text\">Cartes de visite<br>\nFlyers et affiches<br>\nMarquage v\u00e9hicule<br>\nPanneaux<br>\nVitrine publictiaire<br>\nTextiles<br><\/p>\t\t\t\t\t\t\t\t\t\t\t\t\t\t\t\t\t<a class=\"service-three__item__hover__btn\" href=\"https:\/\/nolimits-shop.com\/?page_id=2507\">Lire plus<span aria-hidden=\"true\" class=\"   icon-down-right\"><\/span><\/a><!-- \/.service-read-more -->\r\n\t\t\t\t\t\t\t\t\t\t\t\t\t\t\t<\/div><!-- \/.service-hover-content -->\r\n\t\t\t\t\t\t<\/div><!-- \/.service-card-three -->\r\n\t\t\t\t\t<\/div><!-- \/.column -->\r\n\t\t\t\t\t\t\t<\/div>\r\n\t\t<\/div>\r\n\t<\/section>\r\n\t<!-- Service Start -->\r\n\r\n\t\t\t\t<\/div>\n\t\t\t\t<\/div>\n\t\t\t\t<\/div>\n\t\t\t\t<\/div>\n\t\t","protected":false},"excerpt":{"rendered":"<p>FILM D\u2019ENTREPRISE Votre film d\u2019entreprise, sera la carte de visite interactive de votre soci\u00e9t\u00e9. Il pr\u00e9sentera votre structure, vos activit\u00e9s, vos produits et votre savoir-faire \u00e0 vos clients et prospects dans une communication incontournable. La vid\u00e9o est un format qui est grandement conseill\u00e9 pour diffuser un message et fid\u00e9liser vos clients. FILM \u00c9V\u00c9NEMENTIEL\u200b Nous couvrons [&hellip;]<\/p>\n","protected":false},"author":1,"featured_media":0,"parent":0,"menu_order":0,"comment_status":"closed","ping_status":"closed","template":"elementor_header_footer","meta":{"om_disable_all_campaigns":false,"_monsterinsights_skip_tracking":false,"_monsterinsights_sitenote_active":false,"_monsterinsights_sitenote_note":"","_monsterinsights_sitenote_category":0,"footnotes":""},"aioseo_notices":[],"_links":{"self":[{"href":"https:\/\/nolimits-shop.com\/index.php?rest_route=\/wp\/v2\/pages\/2394"}],"collection":[{"href":"https:\/\/nolimits-shop.com\/index.php?rest_route=\/wp\/v2\/pages"}],"about":[{"href":"https:\/\/nolimits-shop.com\/index.php?rest_route=\/wp\/v2\/types\/page"}],"author":[{"embeddable":true,"href":"https:\/\/nolimits-shop.com\/index.php?rest_route=\/wp\/v2\/users\/1"}],"replies":[{"embeddable":true,"href":"https:\/\/nolimits-shop.com\/index.php?rest_route=%2Fwp%2Fv2%2Fcomments&post=2394"}],"version-history":[{"count":70,"href":"https:\/\/nolimits-shop.com\/index.php?rest_route=\/wp\/v2\/pages\/2394\/revisions"}],"predecessor-version":[{"id":2594,"href":"https:\/\/nolimits-shop.com\/index.php?rest_route=\/wp\/v2\/pages\/2394\/revisions\/2594"}],"wp:attachment":[{"href":"https:\/\/nolimits-shop.com\/index.php?rest_route=%2Fwp%2Fv2%2Fmedia&parent=2394"}],"curies":[{"name":"wp","href":"https:\/\/api.w.org\/{rel}","templated":true}]}}