{"id":2497,"date":"2024-04-16T13:26:17","date_gmt":"2024-04-16T11:26:17","guid":{"rendered":"http:\/\/nolimits-shop.com\/?page_id=2497"},"modified":"2024-04-19T15:05:27","modified_gmt":"2024-04-19T13:05:27","slug":"graphisme-flyers-affiches-logos-maquette-digitale","status":"publish","type":"page","link":"https:\/\/nolimits-shop.com\/?page_id=2497","title":{"rendered":"Graphisme &#8211; Flyers, affiches, logos, maquette digitale"},"content":{"rendered":"\t\t<div data-elementor-type=\"wp-page\" data-elementor-id=\"2497\" class=\"elementor elementor-2497\">\n\t\t\t\t<div class=\"elementor-element elementor-element-61602ab e-flex e-con-boxed e-con e-parent\" data-id=\"61602ab\" data-element_type=\"container\">\n\t\t\t\t\t<div class=\"e-con-inner\">\n\t\t<div class=\"elementor-element elementor-element-0182706 e-con-full e-flex e-con e-child\" data-id=\"0182706\" data-element_type=\"container\">\n\t\t\t\t<div class=\"elementor-element elementor-element-d6a6216 elementor-widget elementor-widget-image\" data-id=\"d6a6216\" data-element_type=\"widget\" data-widget_type=\"image.default\">\n\t\t\t\t<div class=\"elementor-widget-container\">\n\t\t\t\t\t\t\t\t\t\t\t\t\t\t\t<img fetchpriority=\"high\" decoding=\"async\" width=\"640\" height=\"427\" src=\"https:\/\/nolimits-shop.com\/wp-content\/uploads\/2024\/04\/garden-logo-nolimits-pub-1024x683.jpg\" class=\"attachment-large size-large wp-image-2559\" alt=\"\" srcset=\"https:\/\/nolimits-shop.com\/wp-content\/uploads\/2024\/04\/garden-logo-nolimits-pub-1024x683.jpg 1024w, https:\/\/nolimits-shop.com\/wp-content\/uploads\/2024\/04\/garden-logo-nolimits-pub-300x200.jpg 300w, https:\/\/nolimits-shop.com\/wp-content\/uploads\/2024\/04\/garden-logo-nolimits-pub-768x512.jpg 768w, https:\/\/nolimits-shop.com\/wp-content\/uploads\/2024\/04\/garden-logo-nolimits-pub-570x380.jpg 570w, https:\/\/nolimits-shop.com\/wp-content\/uploads\/2024\/04\/garden-logo-nolimits-pub.jpg 1313w\" sizes=\"(max-width: 640px) 100vw, 640px\" \/>\t\t\t\t\t\t\t\t\t\t\t\t\t\t\t<\/div>\n\t\t\t\t<\/div>\n\t\t\t\t<\/div>\n\t\t<div class=\"elementor-element elementor-element-a8137ef e-con-full e-flex e-con e-child\" data-id=\"a8137ef\" data-element_type=\"container\">\n\t\t\t\t<div class=\"elementor-element elementor-element-7a26330 elementor-widget elementor-widget-text-editor\" data-id=\"7a26330\" data-element_type=\"widget\" data-widget_type=\"text-editor.default\">\n\t\t\t\t<div class=\"elementor-widget-container\">\n\t\t\t\t\t\t\t\t\t<h3>CR\u00c9ATION DE VOTRE LOGO<\/h3><p>Avoir un logo qui incarne parfaitement l&rsquo;essence de votre entreprise est un \u00e9l\u00e9ment essentiel de votre strat\u00e9gie de communication. Votre logo est bien plus qu&rsquo;une simple image ; c&rsquo;est le visage de votre marque, le reflet de son identit\u00e9. Confiez \u00e0 Nolimits.fr la cr\u00e9ation de votre logo et laissez-nous donner vie \u00e0 votre vision, pour que votre entreprise se distingue et laisse une impression m\u00e9morable.<\/p>\t\t\t\t\t\t\t\t<\/div>\n\t\t\t\t<\/div>\n\t\t\t\t<\/div>\n\t\t\t\t\t<\/div>\n\t\t\t\t<\/div>\n\t\t<div class=\"elementor-element elementor-element-963d21c e-flex e-con-boxed e-con e-parent\" data-id=\"963d21c\" data-element_type=\"container\">\n\t\t\t\t\t<div class=\"e-con-inner\">\n\t\t<div class=\"elementor-element elementor-element-ea18398 e-con-full e-flex e-con e-child\" data-id=\"ea18398\" data-element_type=\"container\">\n\t\t\t\t<div class=\"elementor-element elementor-element-f389671 elementor-widget elementor-widget-image\" data-id=\"f389671\" data-element_type=\"widget\" data-widget_type=\"image.default\">\n\t\t\t\t<div class=\"elementor-widget-container\">\n\t\t\t\t\t\t\t\t\t\t\t\t\t\t\t<img decoding=\"async\" width=\"640\" height=\"427\" src=\"https:\/\/nolimits-shop.com\/wp-content\/uploads\/2024\/04\/avuedoeil-logo-nolimits-pub-1024x683.jpg\" class=\"attachment-large size-large wp-image-2560\" alt=\"\" srcset=\"https:\/\/nolimits-shop.com\/wp-content\/uploads\/2024\/04\/avuedoeil-logo-nolimits-pub-1024x683.jpg 1024w, https:\/\/nolimits-shop.com\/wp-content\/uploads\/2024\/04\/avuedoeil-logo-nolimits-pub-300x200.jpg 300w, https:\/\/nolimits-shop.com\/wp-content\/uploads\/2024\/04\/avuedoeil-logo-nolimits-pub-768x512.jpg 768w, https:\/\/nolimits-shop.com\/wp-content\/uploads\/2024\/04\/avuedoeil-logo-nolimits-pub-570x380.jpg 570w, https:\/\/nolimits-shop.com\/wp-content\/uploads\/2024\/04\/avuedoeil-logo-nolimits-pub.jpg 1313w\" sizes=\"(max-width: 640px) 100vw, 640px\" \/>\t\t\t\t\t\t\t\t\t\t\t\t\t\t\t<\/div>\n\t\t\t\t<\/div>\n\t\t\t\t<div class=\"elementor-element elementor-element-133e9c4 elementor-widget elementor-widget-image\" data-id=\"133e9c4\" data-element_type=\"widget\" data-widget_type=\"image.default\">\n\t\t\t\t<div class=\"elementor-widget-container\">\n\t\t\t\t\t\t\t\t\t\t\t\t\t\t\t<img decoding=\"async\" width=\"640\" height=\"427\" src=\"https:\/\/nolimits-shop.com\/wp-content\/uploads\/2024\/04\/sturtzer-logo-nolimits-pub-1024x683.jpg\" class=\"attachment-large size-large wp-image-2564\" alt=\"\" srcset=\"https:\/\/nolimits-shop.com\/wp-content\/uploads\/2024\/04\/sturtzer-logo-nolimits-pub-1024x683.jpg 1024w, https:\/\/nolimits-shop.com\/wp-content\/uploads\/2024\/04\/sturtzer-logo-nolimits-pub-300x200.jpg 300w, https:\/\/nolimits-shop.com\/wp-content\/uploads\/2024\/04\/sturtzer-logo-nolimits-pub-768x513.jpg 768w, https:\/\/nolimits-shop.com\/wp-content\/uploads\/2024\/04\/sturtzer-logo-nolimits-pub-1536x1025.jpg 1536w, https:\/\/nolimits-shop.com\/wp-content\/uploads\/2024\/04\/sturtzer-logo-nolimits-pub-2048x1367.jpg 2048w, https:\/\/nolimits-shop.com\/wp-content\/uploads\/2024\/04\/sturtzer-logo-nolimits-pub-570x380.jpg 570w\" sizes=\"(max-width: 640px) 100vw, 640px\" \/>\t\t\t\t\t\t\t\t\t\t\t\t\t\t\t<\/div>\n\t\t\t\t<\/div>\n\t\t\t\t<\/div>\n\t\t<div class=\"elementor-element elementor-element-8555893 e-con-full e-flex e-con e-child\" data-id=\"8555893\" data-element_type=\"container\">\n\t\t\t\t<\/div>\n\t\t\t\t\t<\/div>\n\t\t\t\t<\/div>\n\t\t<div class=\"elementor-element elementor-element-a4f1d69 e-flex e-con-boxed e-con e-parent\" data-id=\"a4f1d69\" data-element_type=\"container\">\n\t\t\t\t\t<div class=\"e-con-inner\">\n\t\t<div class=\"elementor-element elementor-element-5827e5a e-con-full e-flex e-con e-child\" data-id=\"5827e5a\" data-element_type=\"container\">\n\t\t\t\t<div class=\"elementor-element elementor-element-66fd783 elementor-widget elementor-widget-image\" data-id=\"66fd783\" data-element_type=\"widget\" data-widget_type=\"image.default\">\n\t\t\t\t<div class=\"elementor-widget-container\">\n\t\t\t\t\t\t\t\t\t\t\t\t\t\t\t<img loading=\"lazy\" decoding=\"async\" width=\"640\" height=\"427\" src=\"https:\/\/nolimits-shop.com\/wp-content\/uploads\/2024\/04\/heiby-carte-de-visite-nolimits-pub-1024x683.jpg\" class=\"attachment-large size-large wp-image-2555\" alt=\"\" srcset=\"https:\/\/nolimits-shop.com\/wp-content\/uploads\/2024\/04\/heiby-carte-de-visite-nolimits-pub-1024x683.jpg 1024w, https:\/\/nolimits-shop.com\/wp-content\/uploads\/2024\/04\/heiby-carte-de-visite-nolimits-pub-300x200.jpg 300w, https:\/\/nolimits-shop.com\/wp-content\/uploads\/2024\/04\/heiby-carte-de-visite-nolimits-pub-768x512.jpg 768w, https:\/\/nolimits-shop.com\/wp-content\/uploads\/2024\/04\/heiby-carte-de-visite-nolimits-pub-570x380.jpg 570w, https:\/\/nolimits-shop.com\/wp-content\/uploads\/2024\/04\/heiby-carte-de-visite-nolimits-pub.jpg 1313w\" sizes=\"(max-width: 640px) 100vw, 640px\" \/>\t\t\t\t\t\t\t\t\t\t\t\t\t\t\t<\/div>\n\t\t\t\t<\/div>\n\t\t\t\t<\/div>\n\t\t<div class=\"elementor-element elementor-element-f863bbb e-con-full e-flex e-con e-child\" data-id=\"f863bbb\" data-element_type=\"container\">\n\t\t\t\t<div class=\"elementor-element elementor-element-764c15e elementor-widget elementor-widget-text-editor\" data-id=\"764c15e\" data-element_type=\"widget\" data-widget_type=\"text-editor.default\">\n\t\t\t\t<div class=\"elementor-widget-container\">\n\t\t\t\t\t\t\t\t\t<h2 class=\"elementor-heading-title elementor-size-default\">CR\u00c9ATIONS GRAPHIQUES<\/h2><p>Nolimits.fr est sp\u00e9cialis\u00e9 dans la conception d\u2019identit\u00e9s visuelles de tout supports de communications imprim\u00e9s et num\u00e9riques. Le design pr\u00e9sente votre image publique et dicte les perceptions que l\u2019on se fait de vos produits, de vos services et donc de votre entreprise. La palette d\u2019outils de communication est large. Elle nous permet de cr\u00e9er une identit\u00e9 visuelle qui vous rendra unique.<\/p>\t\t\t\t\t\t\t\t<\/div>\n\t\t\t\t<\/div>\n\t\t\t\t<\/div>\n\t\t\t\t\t<\/div>\n\t\t\t\t<\/div>\n\t\t<div class=\"elementor-element elementor-element-66bd30a e-flex e-con-boxed e-con e-parent\" data-id=\"66bd30a\" data-element_type=\"container\">\n\t\t\t\t\t<div class=\"e-con-inner\">\n\t\t<div class=\"elementor-element elementor-element-79f883a e-con-full e-flex e-con e-child\" data-id=\"79f883a\" data-element_type=\"container\">\n\t\t\t\t<div class=\"elementor-element elementor-element-86bbb73 elementor-widget elementor-widget-image\" data-id=\"86bbb73\" data-element_type=\"widget\" data-widget_type=\"image.default\">\n\t\t\t\t<div class=\"elementor-widget-container\">\n\t\t\t\t\t\t\t\t\t\t\t\t\t\t\t<img loading=\"lazy\" decoding=\"async\" width=\"640\" height=\"427\" src=\"https:\/\/nolimits-shop.com\/wp-content\/uploads\/2024\/04\/doeppen-carte-de-visite-nolimits-pub-1024x683.jpg\" class=\"attachment-large size-large wp-image-2554\" alt=\"\" srcset=\"https:\/\/nolimits-shop.com\/wp-content\/uploads\/2024\/04\/doeppen-carte-de-visite-nolimits-pub-1024x683.jpg 1024w, https:\/\/nolimits-shop.com\/wp-content\/uploads\/2024\/04\/doeppen-carte-de-visite-nolimits-pub-300x200.jpg 300w, https:\/\/nolimits-shop.com\/wp-content\/uploads\/2024\/04\/doeppen-carte-de-visite-nolimits-pub-768x512.jpg 768w, https:\/\/nolimits-shop.com\/wp-content\/uploads\/2024\/04\/doeppen-carte-de-visite-nolimits-pub-570x380.jpg 570w, https:\/\/nolimits-shop.com\/wp-content\/uploads\/2024\/04\/doeppen-carte-de-visite-nolimits-pub.jpg 1313w\" sizes=\"(max-width: 640px) 100vw, 640px\" \/>\t\t\t\t\t\t\t\t\t\t\t\t\t\t\t<\/div>\n\t\t\t\t<\/div>\n\t\t\t\t<div class=\"elementor-element elementor-element-3582599 elementor-widget elementor-widget-image\" data-id=\"3582599\" data-element_type=\"widget\" data-widget_type=\"image.default\">\n\t\t\t\t<div class=\"elementor-widget-container\">\n\t\t\t\t\t\t\t\t\t\t\t\t\t\t\t<img loading=\"lazy\" decoding=\"async\" width=\"640\" height=\"427\" src=\"https:\/\/nolimits-shop.com\/wp-content\/uploads\/2024\/04\/carte-de-visite-nolimits-graphisme-1024x683.jpg\" class=\"attachment-large size-large wp-image-2553\" alt=\"\" srcset=\"https:\/\/nolimits-shop.com\/wp-content\/uploads\/2024\/04\/carte-de-visite-nolimits-graphisme-1024x683.jpg 1024w, https:\/\/nolimits-shop.com\/wp-content\/uploads\/2024\/04\/carte-de-visite-nolimits-graphisme-300x200.jpg 300w, https:\/\/nolimits-shop.com\/wp-content\/uploads\/2024\/04\/carte-de-visite-nolimits-graphisme-768x512.jpg 768w, https:\/\/nolimits-shop.com\/wp-content\/uploads\/2024\/04\/carte-de-visite-nolimits-graphisme-570x380.jpg 570w, https:\/\/nolimits-shop.com\/wp-content\/uploads\/2024\/04\/carte-de-visite-nolimits-graphisme.jpg 1313w\" sizes=\"(max-width: 640px) 100vw, 640px\" \/>\t\t\t\t\t\t\t\t\t\t\t\t\t\t\t<\/div>\n\t\t\t\t<\/div>\n\t\t\t\t<\/div>\n\t\t<div class=\"elementor-element elementor-element-cc9b68f e-con-full e-flex e-con e-child\" data-id=\"cc9b68f\" data-element_type=\"container\">\n\t\t\t\t<\/div>\n\t\t\t\t\t<\/div>\n\t\t\t\t<\/div>\n\t\t\t\t<\/div>\n\t\t","protected":false},"excerpt":{"rendered":"<p>CR\u00c9ATION DE VOTRE LOGO Avoir un logo qui incarne parfaitement l&rsquo;essence de votre entreprise est un \u00e9l\u00e9ment essentiel de votre strat\u00e9gie de communication. Votre logo est bien plus qu&rsquo;une simple image ; c&rsquo;est le visage de votre marque, le reflet de son identit\u00e9. Confiez \u00e0 Nolimits.fr la cr\u00e9ation de votre logo et laissez-nous donner vie [&hellip;]<\/p>\n","protected":false},"author":1,"featured_media":0,"parent":0,"menu_order":0,"comment_status":"closed","ping_status":"closed","template":"elementor_header_footer","meta":{"om_disable_all_campaigns":false,"_monsterinsights_skip_tracking":false,"_monsterinsights_sitenote_active":false,"_monsterinsights_sitenote_note":"","_monsterinsights_sitenote_category":0,"footnotes":""},"aioseo_notices":[],"_links":{"self":[{"href":"https:\/\/nolimits-shop.com\/index.php?rest_route=\/wp\/v2\/pages\/2497"}],"collection":[{"href":"https:\/\/nolimits-shop.com\/index.php?rest_route=\/wp\/v2\/pages"}],"about":[{"href":"https:\/\/nolimits-shop.com\/index.php?rest_route=\/wp\/v2\/types\/page"}],"author":[{"embeddable":true,"href":"https:\/\/nolimits-shop.com\/index.php?rest_route=\/wp\/v2\/users\/1"}],"replies":[{"embeddable":true,"href":"https:\/\/nolimits-shop.com\/index.php?rest_route=%2Fwp%2Fv2%2Fcomments&post=2497"}],"version-history":[{"count":18,"href":"https:\/\/nolimits-shop.com\/index.php?rest_route=\/wp\/v2\/pages\/2497\/revisions"}],"predecessor-version":[{"id":2578,"href":"https:\/\/nolimits-shop.com\/index.php?rest_route=\/wp\/v2\/pages\/2497\/revisions\/2578"}],"wp:attachment":[{"href":"https:\/\/nolimits-shop.com\/index.php?rest_route=%2Fwp%2Fv2%2Fmedia&parent=2497"}],"curies":[{"name":"wp","href":"https:\/\/api.w.org\/{rel}","templated":true}]}}