{"id":2507,"date":"2024-04-16T13:39:59","date_gmt":"2024-04-16T11:39:59","guid":{"rendered":"http:\/\/nolimits-shop.com\/?page_id=2507"},"modified":"2024-04-19T15:05:43","modified_gmt":"2024-04-19T13:05:43","slug":"support-impression-marquages-vehicule-panneaux-textiles","status":"publish","type":"page","link":"https:\/\/nolimits-shop.com\/?page_id=2507","title":{"rendered":"Support &#8211; Impression, marquages v\u00e9hicule, panneaux, textiles"},"content":{"rendered":"\t\t<div data-elementor-type=\"wp-page\" data-elementor-id=\"2507\" class=\"elementor elementor-2507\">\n\t\t\t\t<div class=\"elementor-element elementor-element-61602ab e-flex e-con-boxed e-con e-parent\" data-id=\"61602ab\" data-element_type=\"container\">\n\t\t\t\t\t<div class=\"e-con-inner\">\n\t\t<div class=\"elementor-element elementor-element-0182706 e-con-full e-flex e-con e-child\" data-id=\"0182706\" data-element_type=\"container\">\n\t\t\t\t<div class=\"elementor-element elementor-element-d6a6216 elementor-widget elementor-widget-image\" data-id=\"d6a6216\" data-element_type=\"widget\" data-widget_type=\"image.default\">\n\t\t\t\t<div class=\"elementor-widget-container\">\n\t\t\t\t\t\t\t\t\t\t\t\t\t\t\t<img fetchpriority=\"high\" decoding=\"async\" width=\"640\" height=\"427\" src=\"https:\/\/nolimits-shop.com\/wp-content\/uploads\/2024\/04\/schneider-marquage-vehicule-nolimits-pub-1024x683.jpg\" class=\"attachment-large size-large wp-image-2569\" alt=\"\" srcset=\"https:\/\/nolimits-shop.com\/wp-content\/uploads\/2024\/04\/schneider-marquage-vehicule-nolimits-pub-1024x683.jpg 1024w, https:\/\/nolimits-shop.com\/wp-content\/uploads\/2024\/04\/schneider-marquage-vehicule-nolimits-pub-300x200.jpg 300w, https:\/\/nolimits-shop.com\/wp-content\/uploads\/2024\/04\/schneider-marquage-vehicule-nolimits-pub-768x512.jpg 768w, https:\/\/nolimits-shop.com\/wp-content\/uploads\/2024\/04\/schneider-marquage-vehicule-nolimits-pub-570x380.jpg 570w, https:\/\/nolimits-shop.com\/wp-content\/uploads\/2024\/04\/schneider-marquage-vehicule-nolimits-pub.jpg 1313w\" sizes=\"(max-width: 640px) 100vw, 640px\" \/>\t\t\t\t\t\t\t\t\t\t\t\t\t\t\t<\/div>\n\t\t\t\t<\/div>\n\t\t\t\t<\/div>\n\t\t<div class=\"elementor-element elementor-element-a8137ef e-con-full e-flex e-con e-child\" data-id=\"a8137ef\" data-element_type=\"container\">\n\t\t\t\t<div class=\"elementor-element elementor-element-7a26330 elementor-widget elementor-widget-text-editor\" data-id=\"7a26330\" data-element_type=\"widget\" data-widget_type=\"text-editor.default\">\n\t\t\t\t<div class=\"elementor-widget-container\">\n\t\t\t\t\t\t\t\t\t<h3>MARQUAGE VEHICULE<\/h3><p>Votre v\u00e9hicule est certainement le support publicitaire qu\u2019on peut voir le plus facilement, c\u2019est comme votre carte de visite ambulante et l\u2019utiliser pour mettre en avant votre entreprise, c\u2019est strat\u00e9giquement une belle promotion. Nous r\u00e9alisons des projets graphiques pour tous types de v\u00e9hicules : voiture, camionnette, camion, moto, avion, h\u00e9licopt\u00e8re etc\u2026<\/p>\t\t\t\t\t\t\t\t<\/div>\n\t\t\t\t<\/div>\n\t\t\t\t<\/div>\n\t\t\t\t\t<\/div>\n\t\t\t\t<\/div>\n\t\t<div class=\"elementor-element elementor-element-a43643a e-flex e-con-boxed e-con e-parent\" data-id=\"a43643a\" data-element_type=\"container\">\n\t\t\t\t\t<div class=\"e-con-inner\">\n\t\t<div class=\"elementor-element elementor-element-591b47b e-con-full e-flex e-con e-child\" data-id=\"591b47b\" data-element_type=\"container\">\n\t\t\t\t<div class=\"elementor-element elementor-element-f4cea41 elementor-widget elementor-widget-image\" data-id=\"f4cea41\" data-element_type=\"widget\" data-widget_type=\"image.default\">\n\t\t\t\t<div class=\"elementor-widget-container\">\n\t\t\t\t\t\t\t\t\t\t\t\t\t\t\t<img decoding=\"async\" width=\"640\" height=\"427\" src=\"https:\/\/nolimits-shop.com\/wp-content\/uploads\/2024\/04\/estchauffage-vehicule-nolimits-pub-1024x683.jpg\" class=\"attachment-large size-large wp-image-2572\" alt=\"\" srcset=\"https:\/\/nolimits-shop.com\/wp-content\/uploads\/2024\/04\/estchauffage-vehicule-nolimits-pub-1024x683.jpg 1024w, https:\/\/nolimits-shop.com\/wp-content\/uploads\/2024\/04\/estchauffage-vehicule-nolimits-pub-300x200.jpg 300w, https:\/\/nolimits-shop.com\/wp-content\/uploads\/2024\/04\/estchauffage-vehicule-nolimits-pub-768x512.jpg 768w, https:\/\/nolimits-shop.com\/wp-content\/uploads\/2024\/04\/estchauffage-vehicule-nolimits-pub-570x380.jpg 570w, https:\/\/nolimits-shop.com\/wp-content\/uploads\/2024\/04\/estchauffage-vehicule-nolimits-pub.jpg 1313w\" sizes=\"(max-width: 640px) 100vw, 640px\" \/>\t\t\t\t\t\t\t\t\t\t\t\t\t\t\t<\/div>\n\t\t\t\t<\/div>\n\t\t\t\t<\/div>\n\t\t<div class=\"elementor-element elementor-element-60b37f9 e-con-full e-flex e-con e-child\" data-id=\"60b37f9\" data-element_type=\"container\">\n\t\t\t\t<\/div>\n\t\t\t\t\t<\/div>\n\t\t\t\t<\/div>\n\t\t<div class=\"elementor-element elementor-element-a4f1d69 e-flex e-con-boxed e-con e-parent\" data-id=\"a4f1d69\" data-element_type=\"container\">\n\t\t\t\t\t<div class=\"e-con-inner\">\n\t\t<div class=\"elementor-element elementor-element-5827e5a e-con-full e-flex e-con e-child\" data-id=\"5827e5a\" data-element_type=\"container\">\n\t\t\t\t<div class=\"elementor-element elementor-element-66fd783 elementor-widget elementor-widget-image\" data-id=\"66fd783\" data-element_type=\"widget\" data-widget_type=\"image.default\">\n\t\t\t\t<div class=\"elementor-widget-container\">\n\t\t\t\t\t\t\t\t\t\t\t\t\t\t\t<img decoding=\"async\" width=\"640\" height=\"427\" src=\"https:\/\/nolimits-shop.com\/wp-content\/uploads\/2024\/04\/neichel-veste-enseigne-nolimits-pub-1024x683.jpg\" class=\"attachment-large size-large wp-image-2571\" alt=\"\" srcset=\"https:\/\/nolimits-shop.com\/wp-content\/uploads\/2024\/04\/neichel-veste-enseigne-nolimits-pub-1024x683.jpg 1024w, https:\/\/nolimits-shop.com\/wp-content\/uploads\/2024\/04\/neichel-veste-enseigne-nolimits-pub-300x200.jpg 300w, https:\/\/nolimits-shop.com\/wp-content\/uploads\/2024\/04\/neichel-veste-enseigne-nolimits-pub-768x512.jpg 768w, https:\/\/nolimits-shop.com\/wp-content\/uploads\/2024\/04\/neichel-veste-enseigne-nolimits-pub-570x380.jpg 570w, https:\/\/nolimits-shop.com\/wp-content\/uploads\/2024\/04\/neichel-veste-enseigne-nolimits-pub.jpg 1313w\" sizes=\"(max-width: 640px) 100vw, 640px\" \/>\t\t\t\t\t\t\t\t\t\t\t\t\t\t\t<\/div>\n\t\t\t\t<\/div>\n\t\t\t\t<\/div>\n\t\t<div class=\"elementor-element elementor-element-f863bbb e-con-full e-flex e-con e-child\" data-id=\"f863bbb\" data-element_type=\"container\">\n\t\t\t\t<div class=\"elementor-element elementor-element-764c15e elementor-widget elementor-widget-text-editor\" data-id=\"764c15e\" data-element_type=\"widget\" data-widget_type=\"text-editor.default\">\n\t\t\t\t<div class=\"elementor-widget-container\">\n\t\t\t\t\t\t\t\t\t<h3>TEXTILE ET OBJET PUBLICITAIRE<\/h3><p>Nous proposons un large choix en v\u00eatements publicitaires personnalis\u00e9s, pour les entreprises, artisans, les associations et le particulier. Nous vous accompagnons de la conception des visuels \u00e0 l\u2019impression en flocage, s\u00e9rigraphie et broderie.<\/p>\t\t\t\t\t\t\t\t<\/div>\n\t\t\t\t<\/div>\n\t\t\t\t<\/div>\n\t\t\t\t\t<\/div>\n\t\t\t\t<\/div>\n\t\t<div class=\"elementor-element elementor-element-870080f e-flex e-con-boxed e-con e-parent\" data-id=\"870080f\" data-element_type=\"container\">\n\t\t\t\t\t<div class=\"e-con-inner\">\n\t\t<div class=\"elementor-element elementor-element-d91ee94 e-con-full e-flex e-con e-child\" data-id=\"d91ee94\" data-element_type=\"container\">\n\t\t\t\t<div class=\"elementor-element elementor-element-36cd27f elementor-widget elementor-widget-image\" data-id=\"36cd27f\" data-element_type=\"widget\" data-widget_type=\"image.default\">\n\t\t\t\t<div class=\"elementor-widget-container\">\n\t\t\t\t\t\t\t\t\t\t\t\t\t\t\t<img loading=\"lazy\" decoding=\"async\" width=\"640\" height=\"427\" src=\"https:\/\/nolimits-shop.com\/wp-content\/uploads\/2024\/04\/doeppen-energie-enseigne-nolimits-pub-1024x683.jpg\" class=\"attachment-large size-large wp-image-2570\" alt=\"\" srcset=\"https:\/\/nolimits-shop.com\/wp-content\/uploads\/2024\/04\/doeppen-energie-enseigne-nolimits-pub-1024x683.jpg 1024w, https:\/\/nolimits-shop.com\/wp-content\/uploads\/2024\/04\/doeppen-energie-enseigne-nolimits-pub-300x200.jpg 300w, https:\/\/nolimits-shop.com\/wp-content\/uploads\/2024\/04\/doeppen-energie-enseigne-nolimits-pub-768x512.jpg 768w, https:\/\/nolimits-shop.com\/wp-content\/uploads\/2024\/04\/doeppen-energie-enseigne-nolimits-pub-570x380.jpg 570w, https:\/\/nolimits-shop.com\/wp-content\/uploads\/2024\/04\/doeppen-energie-enseigne-nolimits-pub.jpg 1313w\" sizes=\"(max-width: 640px) 100vw, 640px\" \/>\t\t\t\t\t\t\t\t\t\t\t\t\t\t\t<\/div>\n\t\t\t\t<\/div>\n\t\t\t\t<\/div>\n\t\t<div class=\"elementor-element elementor-element-b704f7e e-con-full e-flex e-con e-child\" data-id=\"b704f7e\" data-element_type=\"container\">\n\t\t\t\t<div class=\"elementor-element elementor-element-7812239 elementor-widget elementor-widget-text-editor\" data-id=\"7812239\" data-element_type=\"widget\" data-widget_type=\"text-editor.default\">\n\t\t\t\t<div class=\"elementor-widget-container\">\n\t\t\t\t\t\t\t\t\t<h3>ENSEIGNES ET PANNEAUX<\/h3><p>Mettez en avant votre marque et habillez vos locaux avec l\u2019enseigne qui vous correspond car c\u2019est une solution \u00e0 ne pas n\u00e9gliger pour am\u00e9liorer votre visibilit\u00e9 qui vous aidera \u00e0 d\u00e9velopper votre notori\u00e9t\u00e9 et \u00e0 attirer l\u2019attention de vos futurs clients. Nous sommes Nolimits dans les propositions d\u2019enseignes, du lettrage d\u00e9coup\u00e9 et lumineux, drapeaux, totems et d\u2019autres produits selon vos besoins. O\u00f9 tout simplement des demandes personnalis\u00e9es.<\/p>\t\t\t\t\t\t\t\t<\/div>\n\t\t\t\t<\/div>\n\t\t\t\t<\/div>\n\t\t\t\t\t<\/div>\n\t\t\t\t<\/div>\n\t\t\t\t<\/div>\n\t\t","protected":false},"excerpt":{"rendered":"<p>MARQUAGE VEHICULE Votre v\u00e9hicule est certainement le support publicitaire qu\u2019on peut voir le plus facilement, c\u2019est comme votre carte de visite ambulante et l\u2019utiliser pour mettre en avant votre entreprise, c\u2019est strat\u00e9giquement une belle promotion. Nous r\u00e9alisons des projets graphiques pour tous types de v\u00e9hicules : voiture, camionnette, camion, moto, avion, h\u00e9licopt\u00e8re etc\u2026 TEXTILE ET [&hellip;]<\/p>\n","protected":false},"author":1,"featured_media":0,"parent":0,"menu_order":0,"comment_status":"closed","ping_status":"closed","template":"elementor_header_footer","meta":{"om_disable_all_campaigns":false,"_monsterinsights_skip_tracking":false,"_monsterinsights_sitenote_active":false,"_monsterinsights_sitenote_note":"","_monsterinsights_sitenote_category":0,"footnotes":""},"aioseo_notices":[],"_links":{"self":[{"href":"https:\/\/nolimits-shop.com\/index.php?rest_route=\/wp\/v2\/pages\/2507"}],"collection":[{"href":"https:\/\/nolimits-shop.com\/index.php?rest_route=\/wp\/v2\/pages"}],"about":[{"href":"https:\/\/nolimits-shop.com\/index.php?rest_route=\/wp\/v2\/types\/page"}],"author":[{"embeddable":true,"href":"https:\/\/nolimits-shop.com\/index.php?rest_route=\/wp\/v2\/users\/1"}],"replies":[{"embeddable":true,"href":"https:\/\/nolimits-shop.com\/index.php?rest_route=%2Fwp%2Fv2%2Fcomments&post=2507"}],"version-history":[{"count":9,"href":"https:\/\/nolimits-shop.com\/index.php?rest_route=\/wp\/v2\/pages\/2507\/revisions"}],"predecessor-version":[{"id":2581,"href":"https:\/\/nolimits-shop.com\/index.php?rest_route=\/wp\/v2\/pages\/2507\/revisions\/2581"}],"wp:attachment":[{"href":"https:\/\/nolimits-shop.com\/index.php?rest_route=%2Fwp%2Fv2%2Fmedia&parent=2507"}],"curies":[{"name":"wp","href":"https:\/\/api.w.org\/{rel}","templated":true}]}}